{"id":483,"date":"2025-06-27T07:37:26","date_gmt":"2025-06-27T07:37:26","guid":{"rendered":"https:\/\/maisongramme.fr\/?page_id=483"},"modified":"2025-07-07T15:59:57","modified_gmt":"2025-07-07T15:59:57","slug":"hotel-restaurant-in-lussan-cosy-room","status":"publish","type":"page","link":"https:\/\/maisongramme.fr\/en\/hotel-restaurant-in-lussan-cosy-room\/","title":{"rendered":"Hotel Restaurant in Lussan Cosy room"},"content":{"rendered":"","protected":false},"excerpt":{"rendered":"","protected":false},"author":1,"featured_media":0,"parent":0,"menu_order":0,"comment_status":"closed","ping_status":"closed","template":"","meta":{"_et_pb_use_builder":"","_et_pb_old_content":"","_et_gb_content_width":"","inline_featured_image":false,"_joinchat":[],"footnotes":""},"class_list":["post-483","page","type-page","status-publish","hentry"],"yoast_head":"<!-- This site is optimized with the Yoast SEO plugin v27.5 - https:\/\/yoast.com\/product\/yoast-seo-wordpress\/ -->\n<title>H\u00f4tel Restaurant \u00e0 Lussan Chambre Cosy - Maison Gramme<\/title>\n<meta name=\"robots\" content=\"noindex, follow\" \/>\n<meta property=\"og:locale\" content=\"en_GB\" \/>\n<meta property=\"og:type\" content=\"article\" \/>\n<meta property=\"og:title\" content=\"H\u00f4tel Restaurant \u00e0 Lussan Chambre Cosy - Maison Gramme\" \/>\n<meta property=\"og:url\" content=\"https:\/\/maisongramme.fr\/en\/hotel-restaurant-in-lussan-cosy-room\/\" \/>\n<meta property=\"og:site_name\" content=\"Maison Gramme\" \/>\n<meta property=\"article:modified_time\" content=\"2025-07-07T15:59:57+00:00\" \/>\n<meta name=\"twitter:card\" content=\"summary_large_image\" \/>\n<script type=\"application\/ld+json\" class=\"yoast-schema-graph\">{\"@context\":\"https:\\\/\\\/schema.org\",\"@graph\":[{\"@type\":\"WebPage\",\"@id\":\"https:\\\/\\\/maisongramme.fr\\\/hotel-restaurant-a-lussan-chambre-cosy\\\/\",\"url\":\"https:\\\/\\\/maisongramme.fr\\\/hotel-restaurant-a-lussan-chambre-cosy\\\/\",\"name\":\"H\u00f4tel Restaurant \u00e0 Lussan Chambre Cosy - Maison Gramme\",\"isPartOf\":{\"@id\":\"https:\\\/\\\/maisongramme.fr\\\/#website\"},\"datePublished\":\"2025-06-27T07:37:26+00:00\",\"dateModified\":\"2025-07-07T15:59:57+00:00\",\"breadcrumb\":{\"@id\":\"https:\\\/\\\/maisongramme.fr\\\/hotel-restaurant-a-lussan-chambre-cosy\\\/#breadcrumb\"},\"inLanguage\":\"en-GB\",\"potentialAction\":[{\"@type\":\"ReadAction\",\"target\":[\"https:\\\/\\\/maisongramme.fr\\\/hotel-restaurant-a-lussan-chambre-cosy\\\/\"]}]},{\"@type\":\"BreadcrumbList\",\"@id\":\"https:\\\/\\\/maisongramme.fr\\\/hotel-restaurant-a-lussan-chambre-cosy\\\/#breadcrumb\",\"itemListElement\":[{\"@type\":\"ListItem\",\"position\":1,\"name\":\"Accueil\",\"item\":\"https:\\\/\\\/maisongramme.fr\\\/\"},{\"@type\":\"ListItem\",\"position\":2,\"name\":\"H\u00f4tel Restaurant \u00e0 Lussan Chambre Cosy\"}]},{\"@type\":\"WebSite\",\"@id\":\"https:\\\/\\\/maisongramme.fr\\\/#website\",\"url\":\"https:\\\/\\\/maisongramme.fr\\\/\",\"name\":\"Maison Gramme\",\"description\":\"H\u00f4tel Restaurant Caf\u00e9 \u00e0 Lussan au calme d&#039;Uz\u00e8s\",\"potentialAction\":[{\"@type\":\"SearchAction\",\"target\":{\"@type\":\"EntryPoint\",\"urlTemplate\":\"https:\\\/\\\/maisongramme.fr\\\/?s={search_term_string}\"},\"query-input\":{\"@type\":\"PropertyValueSpecification\",\"valueRequired\":true,\"valueName\":\"search_term_string\"}}],\"inLanguage\":\"en-GB\"}]}<\/script>\n<!-- \/ Yoast SEO plugin. -->","yoast_head_json":{"title":"Hotel Restaurant in Lussan Cosy Room - Maison Gramme","robots":{"index":"noindex","follow":"follow"},"og_locale":"en_GB","og_type":"article","og_title":"H\u00f4tel Restaurant \u00e0 Lussan Chambre Cosy - Maison Gramme","og_url":"https:\/\/maisongramme.fr\/en\/hotel-restaurant-in-lussan-cosy-room\/","og_site_name":"Maison Gramme","article_modified_time":"2025-07-07T15:59:57+00:00","twitter_card":"summary_large_image","schema":{"@context":"https:\/\/schema.org","@graph":[{"@type":"WebPage","@id":"https:\/\/maisongramme.fr\/hotel-restaurant-a-lussan-chambre-cosy\/","url":"https:\/\/maisongramme.fr\/hotel-restaurant-a-lussan-chambre-cosy\/","name":"Hotel Restaurant in Lussan Cosy Room - Maison Gramme","isPartOf":{"@id":"https:\/\/maisongramme.fr\/#website"},"datePublished":"2025-06-27T07:37:26+00:00","dateModified":"2025-07-07T15:59:57+00:00","breadcrumb":{"@id":"https:\/\/maisongramme.fr\/hotel-restaurant-a-lussan-chambre-cosy\/#breadcrumb"},"inLanguage":"en-GB","potentialAction":[{"@type":"ReadAction","target":["https:\/\/maisongramme.fr\/hotel-restaurant-a-lussan-chambre-cosy\/"]}]},{"@type":"BreadcrumbList","@id":"https:\/\/maisongramme.fr\/hotel-restaurant-a-lussan-chambre-cosy\/#breadcrumb","itemListElement":[{"@type":"ListItem","position":1,"name":"Accueil","item":"https:\/\/maisongramme.fr\/"},{"@type":"ListItem","position":2,"name":"H\u00f4tel Restaurant \u00e0 Lussan Chambre Cosy"}]},{"@type":"WebSite","@id":"https:\/\/maisongramme.fr\/#website","url":"https:\/\/maisongramme.fr\/","name":"Maison Gramme","description":"Hotel Restaurant Caf\u00e9 in Lussan, near Uz\u00e8s","potentialAction":[{"@type":"SearchAction","target":{"@type":"EntryPoint","urlTemplate":"https:\/\/maisongramme.fr\/?s={search_term_string}"},"query-input":{"@type":"PropertyValueSpecification","valueRequired":true,"valueName":"search_term_string"}}],"inLanguage":"en-GB"}]}},"_links":{"self":[{"href":"https:\/\/maisongramme.fr\/en\/wp-json\/wp\/v2\/pages\/483","targetHints":{"allow":["GET"]}}],"collection":[{"href":"https:\/\/maisongramme.fr\/en\/wp-json\/wp\/v2\/pages"}],"about":[{"href":"https:\/\/maisongramme.fr\/en\/wp-json\/wp\/v2\/types\/page"}],"author":[{"embeddable":true,"href":"https:\/\/maisongramme.fr\/en\/wp-json\/wp\/v2\/users\/1"}],"replies":[{"embeddable":true,"href":"https:\/\/maisongramme.fr\/en\/wp-json\/wp\/v2\/comments?post=483"}],"version-history":[{"count":0,"href":"https:\/\/maisongramme.fr\/en\/wp-json\/wp\/v2\/pages\/483\/revisions"}],"wp:attachment":[{"href":"https:\/\/maisongramme.fr\/en\/wp-json\/wp\/v2\/media?parent=483"}],"curies":[{"name":"wp","href":"https:\/\/api.w.org\/{rel}","templated":true}]}}